{"id":298,"date":"2024-07-22T09:00:11","date_gmt":"2024-07-22T14:00:11","guid":{"rendered":"https:\/\/feedthechild.wpenginepowered.com\/?page_id=298"},"modified":"2025-09-09T14:16:06","modified_gmt":"2025-09-09T19:16:06","slug":"media-kit","status":"publish","type":"page","link":"https:\/\/www.feedthechildren.org\/es\/resources\/media-kit\/","title":{"rendered":"Kit de prensa"},"content":{"rendered":"<style>.kadence-column298_fc2928-f7 > .kt-inside-inner-col,.kadence-column298_fc2928-f7 > .kt-inside-inner-col:before{border-top-left-radius:0px;border-top-right-radius:0px;border-bottom-right-radius:0px;border-bottom-left-radius:0px;}.kadence-column298_fc2928-f7 > .kt-inside-inner-col{column-gap:var(--global-kb-gap-sm, 1rem);}.kadence-column298_fc2928-f7 > .kt-inside-inner-col{flex-direction:column;}.kadence-column298_fc2928-f7 > .kt-inside-inner-col > .aligncenter{width:100%;}.kadence-column298_fc2928-f7 > .kt-inside-inner-col:before{opacity:0.3;}.kadence-column298_fc2928-f7{position:relative;}@media all and (max-width: 1024px){.kadence-column298_fc2928-f7 > .kt-inside-inner-col{flex-direction:column;justify-content:center;}}@media all and (max-width: 767px){.kadence-column298_fc2928-f7 > .kt-inside-inner-col{flex-direction:column;justify-content:center;}}<\/style>\n<div class=\"wp-block-kadence-column kadence-column298_fc2928-f7\"><div class=\"kt-inside-inner-col\"><style>.kb-row-layout-id298_dc6105-d0 > .kt-row-column-wrap{align-content:start;}:where(.kb-row-layout-id298_dc6105-d0 > .kt-row-column-wrap) > .wp-block-kadence-column{justify-content:start;}.kb-row-layout-id298_dc6105-d0 > .kt-row-column-wrap{column-gap:var(--global-kb-gap-md, 2rem);row-gap:var(--global-kb-gap-md, 2rem);max-width:var( --global-content-width, 1290px );padding-left:var(--global-content-edge-padding);padding-right:var(--global-content-edge-padding);padding-top:0px;padding-right:var(--global-kb-spacing-xs, 1rem);padding-bottom:0px;padding-left:var(--global-kb-spacing-xs, 1rem);grid-template-columns:minmax(0, 1fr);}.kb-row-layout-id298_dc6105-d0 > .kt-row-layout-overlay{opacity:0.30;}@media all and (max-width: 1024px){.kb-row-layout-id298_dc6105-d0 > .kt-row-column-wrap{grid-template-columns:minmax(0, 1fr);}}@media all and (max-width: 767px){.kb-row-layout-id298_dc6105-d0 > .kt-row-column-wrap{grid-template-columns:minmax(0, 1fr);}}<\/style><div class=\"kb-row-layout-wrap kb-row-layout-id298_dc6105-d0 alignnone wp-block-kadence-rowlayout\"><div class=\"kt-row-column-wrap kt-has-1-columns kt-row-layout-equal kt-tab-layout-inherit kt-mobile-layout-row kt-row-valign-top kb-theme-content-width\">\n<style>.kadence-column298_e95d2c-3b > .kt-inside-inner-col,.kadence-column298_e95d2c-3b > .kt-inside-inner-col:before{border-top-left-radius:0px;border-top-right-radius:0px;border-bottom-right-radius:0px;border-bottom-left-radius:0px;}.kadence-column298_e95d2c-3b > .kt-inside-inner-col{column-gap:var(--global-kb-gap-sm, 1rem);}.kadence-column298_e95d2c-3b > .kt-inside-inner-col{flex-direction:column;}.kadence-column298_e95d2c-3b > .kt-inside-inner-col > .aligncenter{width:100%;}.kadence-column298_e95d2c-3b > .kt-inside-inner-col:before{opacity:0.3;}.kadence-column298_e95d2c-3b{position:relative;}@media all and (max-width: 1024px){.kadence-column298_e95d2c-3b > .kt-inside-inner-col{flex-direction:column;justify-content:center;}}@media all and (max-width: 767px){.kadence-column298_e95d2c-3b > .kt-inside-inner-col{flex-direction:column;justify-content:center;}}<\/style>\n<div class=\"wp-block-kadence-column kadence-column298_e95d2c-3b\"><div class=\"kt-inside-inner-col\"><style>.wp-block-kadence-advancedheading.kt-adv-heading298_1fc9ca-86, .wp-block-kadence-advancedheading.kt-adv-heading298_1fc9ca-86[data-kb-block=\"kb-adv-heading298_1fc9ca-86\"]{margin-bottom:var(--global-kb-spacing-sm, 1.5rem);font-size:var(--global-kb-font-size-lg, 2rem);font-style:normal;}.wp-block-kadence-advancedheading.kt-adv-heading298_1fc9ca-86 mark.kt-highlight, .wp-block-kadence-advancedheading.kt-adv-heading298_1fc9ca-86[data-kb-block=\"kb-adv-heading298_1fc9ca-86\"] mark.kt-highlight{font-style:normal;color:#f76a0c;-webkit-box-decoration-break:clone;box-decoration-break:clone;padding-top:0px;padding-right:0px;padding-bottom:0px;padding-left:0px;}.wp-block-kadence-advancedheading.kt-adv-heading298_1fc9ca-86 img.kb-inline-image, .wp-block-kadence-advancedheading.kt-adv-heading298_1fc9ca-86[data-kb-block=\"kb-adv-heading298_1fc9ca-86\"] img.kb-inline-image{width:150px;vertical-align:baseline;}<\/style>\n<h1 class=\"kt-adv-heading298_1fc9ca-86 wp-block-kadence-advancedheading\" data-kb-block=\"kb-adv-heading298_1fc9ca-86\">Media Kit<\/h1>\n\n\n<style>.wp-block-kadence-advancedheading.kt-adv-heading298_cefc74-ee, .wp-block-kadence-advancedheading.kt-adv-heading298_cefc74-ee[data-kb-block=\"kb-adv-heading298_cefc74-ee\"]{font-style:normal;}.wp-block-kadence-advancedheading.kt-adv-heading298_cefc74-ee mark.kt-highlight, .wp-block-kadence-advancedheading.kt-adv-heading298_cefc74-ee[data-kb-block=\"kb-adv-heading298_cefc74-ee\"] mark.kt-highlight{font-style:normal;color:#f76a0c;-webkit-box-decoration-break:clone;box-decoration-break:clone;padding-top:0px;padding-right:0px;padding-bottom:0px;padding-left:0px;}.wp-block-kadence-advancedheading.kt-adv-heading298_cefc74-ee img.kb-inline-image, .wp-block-kadence-advancedheading.kt-adv-heading298_cefc74-ee[data-kb-block=\"kb-adv-heading298_cefc74-ee\"] img.kb-inline-image{width:150px;vertical-align:baseline;}<\/style>\n<h2 class=\"kt-adv-heading298_cefc74-ee wp-block-kadence-advancedheading\" data-kb-block=\"kb-adv-heading298_cefc74-ee\">Contact<\/h2>\n\n\n<style>.wp-block-kadence-advancedheading.kt-adv-heading298_38451b-0a, .wp-block-kadence-advancedheading.kt-adv-heading298_38451b-0a[data-kb-block=\"kb-adv-heading298_38451b-0a\"]{padding-bottom:var(--global-kb-spacing-md, 2rem);font-style:normal;}.wp-block-kadence-advancedheading.kt-adv-heading298_38451b-0a mark.kt-highlight, .wp-block-kadence-advancedheading.kt-adv-heading298_38451b-0a[data-kb-block=\"kb-adv-heading298_38451b-0a\"] mark.kt-highlight{font-style:normal;color:#f76a0c;-webkit-box-decoration-break:clone;box-decoration-break:clone;padding-top:0px;padding-right:0px;padding-bottom:0px;padding-left:0px;}.wp-block-kadence-advancedheading.kt-adv-heading298_38451b-0a img.kb-inline-image, .wp-block-kadence-advancedheading.kt-adv-heading298_38451b-0a[data-kb-block=\"kb-adv-heading298_38451b-0a\"] img.kb-inline-image{width:150px;vertical-align:baseline;}.wp-block-kadence-advancedheading.kt-adv-heading298_38451b-0a[data-kb-block=\"kb-adv-heading298_38451b-0a\"] a, .kt-adv-heading-link298_38451b-0a, .kt-adv-heading-link298_38451b-0a .kt-adv-heading298_38451b-0a[data-kb-block=\"kb-adv-heading298_38451b-0a\"]{color:var(--global-palette1, #3182CE);}.wp-block-kadence-advancedheading.kt-adv-heading298_38451b-0a[data-kb-block=\"kb-adv-heading298_38451b-0a\"] a, a.kb-advanced-heading-link.kt-adv-heading-link298_38451b-0a{text-decoration:none;}.wp-block-kadence-advancedheading.kt-adv-heading298_38451b-0a[data-kb-block=\"kb-adv-heading298_38451b-0a\"] a:hover, a.kb-advanced-heading-link.kt-adv-heading-link298_38451b-0a:hover{text-decoration:underline;}<\/style>\n<p class=\"kt-adv-heading298_38451b-0a wp-block-kadence-advancedheading hls-hover_underline\" data-kb-block=\"kb-adv-heading298_38451b-0a\">For media inquiries, please contact <a href=\"mailto:public.relations@feedthechildren.org\">public.relations@feedthechildren.org<\/a> or call <a href=\"tel:1-800-627-4556\">1-800-627-4556<\/a><\/p>\n\n\n<style>.wp-block-kadence-advancedheading.kt-adv-heading298_379ece-03, .wp-block-kadence-advancedheading.kt-adv-heading298_379ece-03[data-kb-block=\"kb-adv-heading298_379ece-03\"]{margin-bottom:var(--global-kb-spacing-xs, 1rem);font-style:normal;}.wp-block-kadence-advancedheading.kt-adv-heading298_379ece-03 mark.kt-highlight, .wp-block-kadence-advancedheading.kt-adv-heading298_379ece-03[data-kb-block=\"kb-adv-heading298_379ece-03\"] mark.kt-highlight{font-style:normal;color:#f76a0c;-webkit-box-decoration-break:clone;box-decoration-break:clone;padding-top:0px;padding-right:0px;padding-bottom:0px;padding-left:0px;}.wp-block-kadence-advancedheading.kt-adv-heading298_379ece-03 img.kb-inline-image, .wp-block-kadence-advancedheading.kt-adv-heading298_379ece-03[data-kb-block=\"kb-adv-heading298_379ece-03\"] img.kb-inline-image{width:150px;vertical-align:baseline;}<\/style>\n<h3 class=\"kt-adv-heading298_379ece-03 wp-block-kadence-advancedheading\" data-kb-block=\"kb-adv-heading298_379ece-03\">About Feed the Children<\/h3>\n\n\n\n<p>Feed the Children is committed to ending childhood hunger. We believe that no child should go to bed hungry, and so we provide children and families in the U.S. and around the world with the food and essentials kids need to grow and thrive.<\/p>\n\n\n\n<p>Through our programs and partnerships, we feed children today while helping their families and communities build resilient futures. In addition to food, we distribute household and personal care items across the United States to help parents and caregivers maintain stable, food-secure households. Internationally, we expand access to nutritious meals, safe water, improved hygiene, and training in sustainable living. Responsible stewards of our resources, we are driven to pursue innovative, holistic, and child-focused solutions to the complex challenges of hunger, food insecurity, and poverty.<\/p>\n\n\n\n<p>For children everywhere, we believe that having enough to eat is a fundamental right.<\/p>\n\n\n\n<p>Learn how you can help create a world without childhood hunger at <a href=\"https:\/\/www.feedthechildren.org\/\">feedthechildren.org<\/a><\/p>\n\n\n\n<p>Feed the Children | create a world where no child goes to bed hungry<\/p>\n<\/div><\/div>\n\n<\/div><\/div><\/div><\/div>\n","protected":false},"excerpt":{"rendered":"<p>Media Kit Contacto Para consultas de los medios de comunicaci\u00f3n, p\u00f3ngase en contacto con public.relations@feedthechildren.org o llame al tel\u00e9fono Acerca de Feed the Children Feed the Children se ha comprometido a acabar con el hambre infantil. Creemos que ning\u00fan ni\u00f1o deber\u00eda irse a la cama con hambre, y por eso proporcionamos a ni\u00f1os y familias de EE.UU. y de todo el mundo los alimentos y productos b\u00e1sicos que necesitan...<\/p>","protected":false},"author":2,"featured_media":0,"parent":1290,"menu_order":0,"comment_status":"closed","ping_status":"closed","template":"","meta":{"_acf_changed":false,"content-type":"","_kad_blocks_custom_css":"","_kad_blocks_head_custom_js":"","_kad_blocks_body_custom_js":"","_kad_blocks_footer_custom_js":"","_kad_post_transparent":"disable","_kad_post_title":"hide","_kad_post_layout":"","_kad_post_sidebar_id":"","_kad_post_content_style":"","_kad_post_vertical_padding":"","_kad_post_feature":"hide","_kad_post_feature_position":"","_kad_post_header":false,"_kad_post_footer":false,"footnotes":""},"categories":[],"tags":[],"folder":[77],"class_list":["post-298","page","type-page","status-publish","hentry"],"acf":[],"yoast_head":"<!-- This site is optimized with the Yoast SEO Premium plugin v27.4 (Yoast SEO v27.4) - https:\/\/yoast.com\/product\/yoast-seo-premium-wordpress\/ -->\n<title>Media Kit | Feed the Children<\/title>\n<meta name=\"robots\" content=\"index, follow, max-snippet:-1, max-image-preview:large, max-video-preview:-1\" \/>\n<link rel=\"canonical\" href=\"https:\/\/www.feedthechildren.org\/es\/resources\/media-kit\/\" \/>\n<meta property=\"og:locale\" content=\"es_MX\" \/>\n<meta property=\"og:type\" content=\"article\" \/>\n<meta property=\"og:title\" content=\"Media Kit | Feed the Children\" \/>\n<meta property=\"og:description\" content=\"Media Kit Contact For media inquiries, please contact public.relations@feedthechildren.org or call About Feed the Children Feed the Children is committed to ending childhood hunger. We believe that no child should go to bed hungry, and so we provide children and families in the U.S. and around the world with the food and essentials kids need...\" \/>\n<meta property=\"og:url\" content=\"https:\/\/www.feedthechildren.org\/es\/resources\/media-kit\/\" \/>\n<meta property=\"og:site_name\" content=\"Feed the Children\" \/>\n<meta property=\"article:publisher\" content=\"https:\/\/www.facebook.com\/feedthechildren\" \/>\n<meta property=\"article:modified_time\" content=\"2025-09-09T19:16:06+00:00\" \/>\n<meta property=\"og:image\" content=\"https:\/\/www.feedthechildren.org\/wp-content\/uploads\/2024\/03\/feedthechildren_logo_centered.png\" \/>\n\t<meta property=\"og:image:width\" content=\"1200\" \/>\n\t<meta property=\"og:image:height\" content=\"675\" \/>\n\t<meta property=\"og:image:type\" content=\"image\/png\" \/>\n<meta name=\"twitter:card\" content=\"summary_large_image\" \/>\n<meta name=\"twitter:site\" content=\"@feedthechildren\" \/>\n<meta name=\"twitter:label1\" content=\"Est. reading time\" \/>\n\t<meta name=\"twitter:data1\" content=\"1 minuto\" \/>\n<script type=\"application\/ld+json\" class=\"yoast-schema-graph\">{\"@context\":\"https:\\\/\\\/schema.org\",\"@graph\":[{\"@type\":\"WebPage\",\"@id\":\"https:\\\/\\\/www.feedthechildren.org\\\/resources\\\/media-kit\\\/\",\"url\":\"https:\\\/\\\/www.feedthechildren.org\\\/resources\\\/media-kit\\\/\",\"name\":\"Media Kit | Feed the Children\",\"isPartOf\":{\"@id\":\"https:\\\/\\\/www.feedthechildren.org\\\/#website\"},\"datePublished\":\"2024-07-22T14:00:11+00:00\",\"dateModified\":\"2025-09-09T19:16:06+00:00\",\"breadcrumb\":{\"@id\":\"https:\\\/\\\/www.feedthechildren.org\\\/resources\\\/media-kit\\\/#breadcrumb\"},\"inLanguage\":\"es\",\"potentialAction\":[{\"@type\":\"ReadAction\",\"target\":[\"https:\\\/\\\/www.feedthechildren.org\\\/resources\\\/media-kit\\\/\"]}]},{\"@type\":\"BreadcrumbList\",\"@id\":\"https:\\\/\\\/www.feedthechildren.org\\\/resources\\\/media-kit\\\/#breadcrumb\",\"itemListElement\":[{\"@type\":\"ListItem\",\"position\":1,\"name\":\"Home\",\"item\":\"https:\\\/\\\/www.feedthechildren.org\\\/\"},{\"@type\":\"ListItem\",\"position\":2,\"name\":\"Resources\",\"item\":\"https:\\\/\\\/www.feedthechildren.org\\\/resources\\\/\"},{\"@type\":\"ListItem\",\"position\":3,\"name\":\"Media Kit\"}]},{\"@type\":\"WebSite\",\"@id\":\"https:\\\/\\\/www.feedthechildren.org\\\/#website\",\"url\":\"https:\\\/\\\/www.feedthechildren.org\\\/\",\"name\":\"Official Site: Feed the Children\",\"description\":\"Help Fight Childhood Hunger\",\"publisher\":{\"@id\":\"https:\\\/\\\/www.feedthechildren.org\\\/#organization\"},\"potentialAction\":[{\"@type\":\"SearchAction\",\"target\":{\"@type\":\"EntryPoint\",\"urlTemplate\":\"https:\\\/\\\/www.feedthechildren.org\\\/?s={search_term_string}\"},\"query-input\":{\"@type\":\"PropertyValueSpecification\",\"valueRequired\":true,\"valueName\":\"search_term_string\"}}],\"inLanguage\":\"es\"},{\"@type\":\"Organization\",\"@id\":\"https:\\\/\\\/www.feedthechildren.org\\\/#organization\",\"name\":\"Feed the Children\",\"url\":\"https:\\\/\\\/www.feedthechildren.org\\\/\",\"logo\":{\"@type\":\"ImageObject\",\"inLanguage\":\"es\",\"@id\":\"https:\\\/\\\/www.feedthechildren.org\\\/#\\\/schema\\\/logo\\\/image\\\/\",\"url\":\"https:\\\/\\\/www.feedthechildren.org\\\/wp-content\\\/uploads\\\/2024\\\/03\\\/feed-the-children-logo-square-padding.png\",\"contentUrl\":\"https:\\\/\\\/www.feedthechildren.org\\\/wp-content\\\/uploads\\\/2024\\\/03\\\/feed-the-children-logo-square-padding.png\",\"width\":1240,\"height\":1240,\"caption\":\"Feed the Children\"},\"image\":{\"@id\":\"https:\\\/\\\/www.feedthechildren.org\\\/#\\\/schema\\\/logo\\\/image\\\/\"},\"sameAs\":[\"https:\\\/\\\/www.facebook.com\\\/feedthechildren\",\"https:\\\/\\\/x.com\\\/feedthechildren\",\"https:\\\/\\\/youtube.com\\\/FeedTheChildrenOrg\",\"https:\\\/\\\/www.linkedin.com\\\/company\\\/feed-the-children\"],\"description\":\"Established in 1979, Feed the Children exists to defeat childhood hunger. We are one of the largest U.S.-based charities, serving those in need in the U.S. and internationally by providing food, life essentials, educational initiatives, and disaster response.\",\"email\":\"info@feedthechildren.org\",\"telephone\":\"1-800-627-4556\",\"legalName\":\"Feed the Children\",\"foundingDate\":\"1979-01-01\",\"taxID\":\"73-6108657\"}]}<\/script>\n<!-- \/ Yoast SEO Premium plugin. -->","yoast_head_json":{"title":"Kit de prensa | Feed the Children","robots":{"index":"index","follow":"follow","max-snippet":"max-snippet:-1","max-image-preview":"max-image-preview:large","max-video-preview":"max-video-preview:-1"},"canonical":"https:\/\/www.feedthechildren.org\/es\/resources\/media-kit\/","og_locale":"es_MX","og_type":"article","og_title":"Media Kit | Feed the Children","og_description":"Media Kit Contact For media inquiries, please contact public.relations@feedthechildren.org or call About Feed the Children Feed the Children is committed to ending childhood hunger. We believe that no child should go to bed hungry, and so we provide children and families in the U.S. and around the world with the food and essentials kids need...","og_url":"https:\/\/www.feedthechildren.org\/es\/resources\/media-kit\/","og_site_name":"Feed the Children","article_publisher":"https:\/\/www.facebook.com\/feedthechildren","article_modified_time":"2025-09-09T19:16:06+00:00","og_image":[{"width":1200,"height":675,"url":"https:\/\/www.feedthechildren.org\/wp-content\/uploads\/2024\/03\/feedthechildren_logo_centered.png","type":"image\/png"}],"twitter_card":"summary_large_image","twitter_site":"@feedthechildren","twitter_misc":{"Est. reading time":"1 minuto"},"schema":{"@context":"https:\/\/schema.org","@graph":[{"@type":"WebPage","@id":"https:\/\/www.feedthechildren.org\/resources\/media-kit\/","url":"https:\/\/www.feedthechildren.org\/resources\/media-kit\/","name":"Kit de prensa | Feed the Children","isPartOf":{"@id":"https:\/\/www.feedthechildren.org\/#website"},"datePublished":"2024-07-22T14:00:11+00:00","dateModified":"2025-09-09T19:16:06+00:00","breadcrumb":{"@id":"https:\/\/www.feedthechildren.org\/resources\/media-kit\/#breadcrumb"},"inLanguage":"es","potentialAction":[{"@type":"ReadAction","target":["https:\/\/www.feedthechildren.org\/resources\/media-kit\/"]}]},{"@type":"BreadcrumbList","@id":"https:\/\/www.feedthechildren.org\/resources\/media-kit\/#breadcrumb","itemListElement":[{"@type":"ListItem","position":1,"name":"Home","item":"https:\/\/www.feedthechildren.org\/"},{"@type":"ListItem","position":2,"name":"Resources","item":"https:\/\/www.feedthechildren.org\/resources\/"},{"@type":"ListItem","position":3,"name":"Media Kit"}]},{"@type":"WebSite","@id":"https:\/\/www.feedthechildren.org\/#website","url":"https:\/\/www.feedthechildren.org\/","name":"Sitio oficial: Alimentar a los ni\u00f1os","description":"Ayude a combatir el hambre infantil","publisher":{"@id":"https:\/\/www.feedthechildren.org\/#organization"},"potentialAction":[{"@type":"SearchAction","target":{"@type":"EntryPoint","urlTemplate":"https:\/\/www.feedthechildren.org\/?s={search_term_string}"},"query-input":{"@type":"PropertyValueSpecification","valueRequired":true,"valueName":"search_term_string"}}],"inLanguage":"es"},{"@type":"Organization","@id":"https:\/\/www.feedthechildren.org\/#organization","name":"Alimentar a los ni\u00f1os","url":"https:\/\/www.feedthechildren.org\/","logo":{"@type":"ImageObject","inLanguage":"es","@id":"https:\/\/www.feedthechildren.org\/#\/schema\/logo\/image\/","url":"https:\/\/www.feedthechildren.org\/wp-content\/uploads\/2024\/03\/feed-the-children-logo-square-padding.png","contentUrl":"https:\/\/www.feedthechildren.org\/wp-content\/uploads\/2024\/03\/feed-the-children-logo-square-padding.png","width":1240,"height":1240,"caption":"Feed the Children"},"image":{"@id":"https:\/\/www.feedthechildren.org\/#\/schema\/logo\/image\/"},"sameAs":["https:\/\/www.facebook.com\/feedthechildren","https:\/\/x.com\/feedthechildren","https:\/\/youtube.com\/FeedTheChildrenOrg","https:\/\/www.linkedin.com\/company\/feed-the-children"],"description":"Fundada en 1979, Feed the Children lucha contra el hambre infantil. Somos una de las mayores organizaciones ben\u00e9ficas de EE.UU., y atendemos a los necesitados en EE.UU. e internacionalmente proporcion\u00e1ndoles alimentos, art\u00edculos de primera necesidad, iniciativas educativas y respuesta a cat\u00e1strofes.","email":"info@feedthechildren.org","telephone":"1-800-627-4556","legalName":"Feed the Children","foundingDate":"1979-01-01","taxID":"73-6108657"}]}},"taxonomy_info":[],"featured_image_src_large":false,"author_info":{"display_name":"Benton Demeter","author_link":"https:\/\/www.feedthechildren.org\/es\/author\/benton-demeterfeedthechildren-org\/"},"comment_info":0,"publishpress_future_action":{"enabled":false,"date":"2026-04-30 06:16:13","action":"change-status","newStatus":"draft","terms":[],"taxonomy":"category","extraData":[]},"publishpress_future_workflow_manual_trigger":{"enabledWorkflows":[]},"_links":{"self":[{"href":"https:\/\/www.feedthechildren.org\/es\/wp-json\/wp\/v2\/pages\/298","targetHints":{"allow":["GET"]}}],"collection":[{"href":"https:\/\/www.feedthechildren.org\/es\/wp-json\/wp\/v2\/pages"}],"about":[{"href":"https:\/\/www.feedthechildren.org\/es\/wp-json\/wp\/v2\/types\/page"}],"author":[{"embeddable":true,"href":"https:\/\/www.feedthechildren.org\/es\/wp-json\/wp\/v2\/users\/2"}],"replies":[{"embeddable":true,"href":"https:\/\/www.feedthechildren.org\/es\/wp-json\/wp\/v2\/comments?post=298"}],"version-history":[{"count":0,"href":"https:\/\/www.feedthechildren.org\/es\/wp-json\/wp\/v2\/pages\/298\/revisions"}],"up":[{"embeddable":true,"href":"https:\/\/www.feedthechildren.org\/es\/wp-json\/wp\/v2\/pages\/1290"}],"wp:attachment":[{"href":"https:\/\/www.feedthechildren.org\/es\/wp-json\/wp\/v2\/media?parent=298"}],"wp:term":[{"taxonomy":"category","embeddable":true,"href":"https:\/\/www.feedthechildren.org\/es\/wp-json\/wp\/v2\/categories?post=298"},{"taxonomy":"post_tag","embeddable":true,"href":"https:\/\/www.feedthechildren.org\/es\/wp-json\/wp\/v2\/tags?post=298"},{"taxonomy":"folder","embeddable":true,"href":"https:\/\/www.feedthechildren.org\/es\/wp-json\/wp\/v2\/folder?post=298"}],"curies":[{"name":"wp","href":"https:\/\/api.w.org\/{rel}","templated":true}]}}