{"id":1468,"date":"2024-02-25T23:50:02","date_gmt":"2024-02-26T05:50:02","guid":{"rendered":"https:\/\/feedthechild.wpenginepowered.com\/?page_id=1468"},"modified":"2025-09-03T09:51:30","modified_gmt":"2025-09-03T14:51:30","slug":"partnership-inquiry","status":"publish","type":"page","link":"https:\/\/www.feedthechildren.org\/es\/get-involved\/corporate-partners\/partnership-inquiry\/","title":{"rendered":"Investigaci\u00f3n sobre la asociaci\u00f3n"},"content":{"rendered":"<style>.kadence-column1468_c621c9-1d > .kt-inside-inner-col,.kadence-column1468_c621c9-1d > .kt-inside-inner-col:before{border-top-left-radius:0px;border-top-right-radius:0px;border-bottom-right-radius:0px;border-bottom-left-radius:0px;}.kadence-column1468_c621c9-1d > .kt-inside-inner-col{column-gap:var(--global-kb-gap-sm, 1rem);}.kadence-column1468_c621c9-1d > .kt-inside-inner-col{flex-direction:column;}.kadence-column1468_c621c9-1d > .kt-inside-inner-col > .aligncenter{width:100%;}.kadence-column1468_c621c9-1d > .kt-inside-inner-col:before{opacity:0.3;}.kadence-column1468_c621c9-1d{position:relative;}@media all and (max-width: 1024px){.kadence-column1468_c621c9-1d > .kt-inside-inner-col{flex-direction:column;justify-content:center;}}@media all and (max-width: 767px){.kadence-column1468_c621c9-1d > .kt-inside-inner-col{flex-direction:column;justify-content:center;}}<\/style>\n<div class=\"wp-block-kadence-column kadence-column1468_c621c9-1d\"><div class=\"kt-inside-inner-col\"><style>.kb-row-layout-id1468_fd2026-46 > .kt-row-column-wrap{align-content:start;}:where(.kb-row-layout-id1468_fd2026-46 > .kt-row-column-wrap) > .wp-block-kadence-column{justify-content:start;}.kb-row-layout-id1468_fd2026-46 > .kt-row-column-wrap{column-gap:var(--global-kb-gap-md, 2rem);row-gap:var(--global-kb-gap-md, 2rem);max-width:var( --global-content-width, 1290px );padding-left:var(--global-content-edge-padding);padding-right:var(--global-content-edge-padding);padding-top:var(--global-kb-spacing-sm, 1.5rem);padding-right:var(--global-kb-spacing-xs, 1rem);padding-bottom:var(--global-kb-spacing-sm, 1.5rem);padding-left:var(--global-kb-spacing-xs, 1rem);grid-template-columns:minmax(0, 1fr);}.kb-row-layout-id1468_fd2026-46 > .kt-row-layout-overlay{opacity:0.30;}@media all and (max-width: 1024px){.kb-row-layout-id1468_fd2026-46 > .kt-row-column-wrap{grid-template-columns:minmax(0, 1fr);}}@media all and (max-width: 767px){.kb-row-layout-id1468_fd2026-46 > .kt-row-column-wrap{grid-template-columns:minmax(0, 1fr);}}<\/style><div class=\"kb-row-layout-wrap kb-row-layout-id1468_fd2026-46 alignnone wp-block-kadence-rowlayout\"><div class=\"kt-row-column-wrap kt-has-1-columns kt-row-layout-equal kt-tab-layout-inherit kt-mobile-layout-row kt-row-valign-top kb-theme-content-width\">\n<style>.kadence-column1468_735713-b1 > .kt-inside-inner-col,.kadence-column1468_735713-b1 > .kt-inside-inner-col:before{border-top-left-radius:0px;border-top-right-radius:0px;border-bottom-right-radius:0px;border-bottom-left-radius:0px;}.kadence-column1468_735713-b1 > .kt-inside-inner-col{column-gap:var(--global-kb-gap-sm, 1rem);}.kadence-column1468_735713-b1 > .kt-inside-inner-col{flex-direction:column;}.kadence-column1468_735713-b1 > .kt-inside-inner-col > .aligncenter{width:100%;}.kadence-column1468_735713-b1 > .kt-inside-inner-col:before{opacity:0.3;}.kadence-column1468_735713-b1{position:relative;}@media all and (max-width: 1024px){.kadence-column1468_735713-b1 > .kt-inside-inner-col{flex-direction:column;justify-content:center;}}@media all and (max-width: 767px){.kadence-column1468_735713-b1 > .kt-inside-inner-col{flex-direction:column;justify-content:center;}}<\/style>\n<div class=\"wp-block-kadence-column kadence-column1468_735713-b1\"><div class=\"kt-inside-inner-col\">\n<h1 class=\"wp-block-heading\" id=\"h-partnership-inquiry\">Partnership Inquiry<\/h1>\n\n\n<style>.wp-block-kadence-advancedheading.kt-adv-heading1468_4403a0-d7, .wp-block-kadence-advancedheading.kt-adv-heading1468_4403a0-d7[data-kb-block=\"kb-adv-heading1468_4403a0-d7\"]{font-style:normal;}.wp-block-kadence-advancedheading.kt-adv-heading1468_4403a0-d7 mark.kt-highlight, .wp-block-kadence-advancedheading.kt-adv-heading1468_4403a0-d7[data-kb-block=\"kb-adv-heading1468_4403a0-d7\"] mark.kt-highlight{font-style:normal;color:#f76a0c;-webkit-box-decoration-break:clone;box-decoration-break:clone;padding-top:0px;padding-right:0px;padding-bottom:0px;padding-left:0px;}.wp-block-kadence-advancedheading.kt-adv-heading1468_4403a0-d7 img.kb-inline-image, .wp-block-kadence-advancedheading.kt-adv-heading1468_4403a0-d7[data-kb-block=\"kb-adv-heading1468_4403a0-d7\"] img.kb-inline-image{width:150px;vertical-align:baseline;}<\/style>\n<p class=\"kt-adv-heading1468_4403a0-d7 wp-block-kadence-advancedheading\" data-kb-block=\"kb-adv-heading1468_4403a0-d7\">Thank you for your interest in uniting with us to uplift communities. We welcome any ideas and questions you may have. If applicable, please list any specific goals or questions your company has about a partnership with Feed the Children.<\/p>\n<\/div><\/div>\n\n<\/div><\/div><\/div><\/div>\n\n\n<style>.kadence-column1468_804586-30 > .kt-inside-inner-col,.kadence-column1468_804586-30 > .kt-inside-inner-col:before{border-top-left-radius:0px;border-top-right-radius:0px;border-bottom-right-radius:0px;border-bottom-left-radius:0px;}.kadence-column1468_804586-30 > .kt-inside-inner-col{column-gap:var(--global-kb-gap-sm, 1rem);}.kadence-column1468_804586-30 > .kt-inside-inner-col{flex-direction:column;}.kadence-column1468_804586-30 > .kt-inside-inner-col > .aligncenter{width:100%;}.kadence-column1468_804586-30 > .kt-inside-inner-col:before{opacity:0.3;}.kadence-column1468_804586-30{position:relative;}@media all and (max-width: 1024px){.kadence-column1468_804586-30 > .kt-inside-inner-col{flex-direction:column;justify-content:center;}}@media all and (max-width: 767px){.kadence-column1468_804586-30 > .kt-inside-inner-col{flex-direction:column;justify-content:center;}}<\/style>\n<div class=\"wp-block-kadence-column kadence-column1468_804586-30\"><div class=\"kt-inside-inner-col\"><style>.kb-row-layout-id1468_973812-5a > .kt-row-column-wrap{align-content:start;}:where(.kb-row-layout-id1468_973812-5a > .kt-row-column-wrap) > .wp-block-kadence-column{justify-content:start;}.kb-row-layout-id1468_973812-5a > .kt-row-column-wrap{column-gap:var(--global-kb-gap-md, 2rem);row-gap:var(--global-kb-gap-md, 2rem);max-width:var( --global-content-width, 1290px );padding-left:var(--global-content-edge-padding);padding-right:var(--global-content-edge-padding);padding-top:var(--global-kb-spacing-sm, 1.5rem);padding-right:var(--global-kb-spacing-xs, 1rem);padding-bottom:var(--global-kb-spacing-sm, 1.5rem);padding-left:var(--global-kb-spacing-xs, 1rem);grid-template-columns:minmax(0, 1fr);}.kb-row-layout-id1468_973812-5a > .kt-row-layout-overlay{opacity:0.30;}@media all and (max-width: 1024px){.kb-row-layout-id1468_973812-5a > .kt-row-column-wrap{grid-template-columns:minmax(0, 1fr);}}@media all and (max-width: 767px){.kb-row-layout-id1468_973812-5a > .kt-row-column-wrap{grid-template-columns:minmax(0, 1fr);}}<\/style><div class=\"kb-row-layout-wrap kb-row-layout-id1468_973812-5a alignfull wp-block-kadence-rowlayout\"><div class=\"kt-row-column-wrap kt-has-1-columns kt-row-layout-equal kt-tab-layout-inherit kt-mobile-layout-row kt-row-valign-top kb-theme-content-width\">\n<style>.kadence-column1468_755daa-9b > .kt-inside-inner-col,.kadence-column1468_755daa-9b > .kt-inside-inner-col:before{border-top-left-radius:0px;border-top-right-radius:0px;border-bottom-right-radius:0px;border-bottom-left-radius:0px;}.kadence-column1468_755daa-9b > .kt-inside-inner-col{column-gap:var(--global-kb-gap-sm, 1rem);}.kadence-column1468_755daa-9b > .kt-inside-inner-col{flex-direction:column;}.kadence-column1468_755daa-9b > .kt-inside-inner-col > .aligncenter{width:100%;}.kadence-column1468_755daa-9b > .kt-inside-inner-col:before{opacity:0.3;}.kadence-column1468_755daa-9b{position:relative;}@media all and (max-width: 1024px){.kadence-column1468_755daa-9b > .kt-inside-inner-col{flex-direction:column;justify-content:center;}}@media all and (max-width: 767px){.kadence-column1468_755daa-9b > .kt-inside-inner-col{flex-direction:column;justify-content:center;}}<\/style>\n<div class=\"wp-block-kadence-column kadence-column1468_755daa-9b\"><div class=\"kt-inside-inner-col\">\n<div class=\"wp-block-leadin-hubspot-form-block\">\n\t\t\t\t\t\t<script>\n\t\t\t\t\t\t\twindow.hsFormsOnReady = window.hsFormsOnReady || [];\n\t\t\t\t\t\t\twindow.hsFormsOnReady.push(()=>{\n\t\t\t\t\t\t\t\thbspt.forms.create({\n\t\t\t\t\t\t\t\t\tportalId: 44269059,\n\t\t\t\t\t\t\t\t\tformId: \"4fc5a01d-14ef-46be-af8b-abd9c6831b0b\",\n\t\t\t\t\t\t\t\t\ttarget: \"#hbspt-form-1776943333000-2581989439\",\n\t\t\t\t\t\t\t\t\tregion: \"na1\",\n\t\t\t\t\t\t\t\t\t\n\t\t\t\t\t\t\t})});\n\t\t\t\t\t\t<\/script>\n\t\t\t\t\t\t<div class=\"hbspt-form\" id=\"hbspt-form-1776943333000-2581989439\"><\/div><\/div>\n<\/div><\/div>\n\n<\/div><\/div><\/div><\/div>\n","protected":false},"excerpt":{"rendered":"<p>Solicitud de asociaci\u00f3n Gracias por su inter\u00e9s en unirse a nosotros para mejorar las comunidades. Agradecemos cualquier idea o pregunta que pueda tener. Si procede, enumere los objetivos espec\u00edficos o las preguntas que su empresa tenga sobre una asociaci\u00f3n con Feed the Children.<\/p>","protected":false},"author":1,"featured_media":0,"parent":270,"menu_order":0,"comment_status":"closed","ping_status":"closed","template":"","meta":{"_acf_changed":false,"content-type":"","_kad_blocks_custom_css":"","_kad_blocks_head_custom_js":"","_kad_blocks_body_custom_js":"","_kad_blocks_footer_custom_js":"","_kad_post_transparent":"disable","_kad_post_title":"hide","_kad_post_layout":"default","_kad_post_sidebar_id":"","_kad_post_content_style":"default","_kad_post_vertical_padding":"","_kad_post_feature":"hide","_kad_post_feature_position":"","_kad_post_header":false,"_kad_post_footer":false,"footnotes":""},"categories":[101],"tags":[],"folder":[30],"class_list":["post-1468","page","type-page","status-publish","hentry","category-form"],"acf":[],"yoast_head":"<!-- This site is optimized with the Yoast SEO Premium plugin v27.4 (Yoast SEO v27.4) - https:\/\/yoast.com\/product\/yoast-seo-premium-wordpress\/ -->\n<title>Partnership Inquiry | Feed the Children<\/title>\n<meta name=\"description\" content=\"Interested in partnering with Feed the Children? This is the place to get started.\" \/>\n<meta name=\"robots\" content=\"index, follow, max-snippet:-1, max-image-preview:large, max-video-preview:-1\" \/>\n<link rel=\"canonical\" href=\"https:\/\/www.feedthechildren.org\/es\/get-involved\/corporate-partners\/partnership-inquiry\/\" \/>\n<meta property=\"og:locale\" content=\"es_MX\" \/>\n<meta property=\"og:type\" content=\"article\" \/>\n<meta property=\"og:title\" content=\"Partnership Inquiry | Feed the Children\" \/>\n<meta property=\"og:description\" content=\"Interested in partnering with Feed the Children? This is the place to get started.\" \/>\n<meta property=\"og:url\" content=\"https:\/\/www.feedthechildren.org\/es\/get-involved\/corporate-partners\/partnership-inquiry\/\" \/>\n<meta property=\"og:site_name\" content=\"Feed the Children\" \/>\n<meta property=\"article:publisher\" content=\"https:\/\/www.facebook.com\/feedthechildren\" \/>\n<meta property=\"article:modified_time\" content=\"2025-09-03T14:51:30+00:00\" \/>\n<meta property=\"og:image\" content=\"https:\/\/www.feedthechildren.org\/wp-content\/uploads\/2024\/03\/feedthechildren_logo_centered.png\" \/>\n\t<meta property=\"og:image:width\" content=\"1200\" \/>\n\t<meta property=\"og:image:height\" content=\"675\" \/>\n\t<meta property=\"og:image:type\" content=\"image\/png\" \/>\n<meta name=\"twitter:card\" content=\"summary_large_image\" \/>\n<meta name=\"twitter:site\" content=\"@feedthechildren\" \/>\n<meta name=\"twitter:label1\" content=\"Est. reading time\" \/>\n\t<meta name=\"twitter:data1\" content=\"1 minuto\" \/>\n<script type=\"application\/ld+json\" class=\"yoast-schema-graph\">{\"@context\":\"https:\\\/\\\/schema.org\",\"@graph\":[{\"@type\":\"WebPage\",\"@id\":\"https:\\\/\\\/www.feedthechildren.org\\\/get-involved\\\/corporate-partners\\\/partnership-inquiry\\\/\",\"url\":\"https:\\\/\\\/www.feedthechildren.org\\\/get-involved\\\/corporate-partners\\\/partnership-inquiry\\\/\",\"name\":\"Partnership Inquiry | Feed the Children\",\"isPartOf\":{\"@id\":\"https:\\\/\\\/www.feedthechildren.org\\\/#website\"},\"datePublished\":\"2024-02-26T05:50:02+00:00\",\"dateModified\":\"2025-09-03T14:51:30+00:00\",\"description\":\"Interested in partnering with Feed the Children? This is the place to get started.\",\"breadcrumb\":{\"@id\":\"https:\\\/\\\/www.feedthechildren.org\\\/get-involved\\\/corporate-partners\\\/partnership-inquiry\\\/#breadcrumb\"},\"inLanguage\":\"es\",\"potentialAction\":[{\"@type\":\"ReadAction\",\"target\":[\"https:\\\/\\\/www.feedthechildren.org\\\/get-involved\\\/corporate-partners\\\/partnership-inquiry\\\/\"]}]},{\"@type\":\"BreadcrumbList\",\"@id\":\"https:\\\/\\\/www.feedthechildren.org\\\/get-involved\\\/corporate-partners\\\/partnership-inquiry\\\/#breadcrumb\",\"itemListElement\":[{\"@type\":\"ListItem\",\"position\":1,\"name\":\"Home\",\"item\":\"https:\\\/\\\/www.feedthechildren.org\\\/\"},{\"@type\":\"ListItem\",\"position\":2,\"name\":\"Get Involved\",\"item\":\"https:\\\/\\\/www.feedthechildren.org\\\/get-involved\\\/\"},{\"@type\":\"ListItem\",\"position\":3,\"name\":\"Corporate Partnership\",\"item\":\"https:\\\/\\\/www.feedthechildren.org\\\/get-involved\\\/corporate-partners\\\/\"},{\"@type\":\"ListItem\",\"position\":4,\"name\":\"Partnership Inquiry\"}]},{\"@type\":\"WebSite\",\"@id\":\"https:\\\/\\\/www.feedthechildren.org\\\/#website\",\"url\":\"https:\\\/\\\/www.feedthechildren.org\\\/\",\"name\":\"Official Site: Feed the Children\",\"description\":\"Help Fight Childhood Hunger\",\"publisher\":{\"@id\":\"https:\\\/\\\/www.feedthechildren.org\\\/#organization\"},\"potentialAction\":[{\"@type\":\"SearchAction\",\"target\":{\"@type\":\"EntryPoint\",\"urlTemplate\":\"https:\\\/\\\/www.feedthechildren.org\\\/?s={search_term_string}\"},\"query-input\":{\"@type\":\"PropertyValueSpecification\",\"valueRequired\":true,\"valueName\":\"search_term_string\"}}],\"inLanguage\":\"es\"},{\"@type\":\"Organization\",\"@id\":\"https:\\\/\\\/www.feedthechildren.org\\\/#organization\",\"name\":\"Feed the Children\",\"url\":\"https:\\\/\\\/www.feedthechildren.org\\\/\",\"logo\":{\"@type\":\"ImageObject\",\"inLanguage\":\"es\",\"@id\":\"https:\\\/\\\/www.feedthechildren.org\\\/#\\\/schema\\\/logo\\\/image\\\/\",\"url\":\"https:\\\/\\\/www.feedthechildren.org\\\/wp-content\\\/uploads\\\/2024\\\/03\\\/feed-the-children-logo-square-padding.png\",\"contentUrl\":\"https:\\\/\\\/www.feedthechildren.org\\\/wp-content\\\/uploads\\\/2024\\\/03\\\/feed-the-children-logo-square-padding.png\",\"width\":1240,\"height\":1240,\"caption\":\"Feed the Children\"},\"image\":{\"@id\":\"https:\\\/\\\/www.feedthechildren.org\\\/#\\\/schema\\\/logo\\\/image\\\/\"},\"sameAs\":[\"https:\\\/\\\/www.facebook.com\\\/feedthechildren\",\"https:\\\/\\\/x.com\\\/feedthechildren\",\"https:\\\/\\\/youtube.com\\\/FeedTheChildrenOrg\",\"https:\\\/\\\/www.linkedin.com\\\/company\\\/feed-the-children\"],\"description\":\"Established in 1979, Feed the Children exists to defeat childhood hunger. We are one of the largest U.S.-based charities, serving those in need in the U.S. and internationally by providing food, life essentials, educational initiatives, and disaster response.\",\"email\":\"info@feedthechildren.org\",\"telephone\":\"1-800-627-4556\",\"legalName\":\"Feed the Children\",\"foundingDate\":\"1979-01-01\",\"taxID\":\"73-6108657\"}]}<\/script>\n<!-- \/ Yoast SEO Premium plugin. -->","yoast_head_json":{"title":"Investigaci\u00f3n en asociaci\u00f3n | Feed the Children","description":"\u00bfLe interesa colaborar con Feed the Children? Aqu\u00ed puede empezar.","robots":{"index":"index","follow":"follow","max-snippet":"max-snippet:-1","max-image-preview":"max-image-preview:large","max-video-preview":"max-video-preview:-1"},"canonical":"https:\/\/www.feedthechildren.org\/es\/get-involved\/corporate-partners\/partnership-inquiry\/","og_locale":"es_MX","og_type":"article","og_title":"Partnership Inquiry | Feed the Children","og_description":"Interested in partnering with Feed the Children? This is the place to get started.","og_url":"https:\/\/www.feedthechildren.org\/es\/get-involved\/corporate-partners\/partnership-inquiry\/","og_site_name":"Feed the Children","article_publisher":"https:\/\/www.facebook.com\/feedthechildren","article_modified_time":"2025-09-03T14:51:30+00:00","og_image":[{"width":1200,"height":675,"url":"https:\/\/www.feedthechildren.org\/wp-content\/uploads\/2024\/03\/feedthechildren_logo_centered.png","type":"image\/png"}],"twitter_card":"summary_large_image","twitter_site":"@feedthechildren","twitter_misc":{"Est. reading time":"1 minuto"},"schema":{"@context":"https:\/\/schema.org","@graph":[{"@type":"WebPage","@id":"https:\/\/www.feedthechildren.org\/get-involved\/corporate-partners\/partnership-inquiry\/","url":"https:\/\/www.feedthechildren.org\/get-involved\/corporate-partners\/partnership-inquiry\/","name":"Investigaci\u00f3n en asociaci\u00f3n | Feed the Children","isPartOf":{"@id":"https:\/\/www.feedthechildren.org\/#website"},"datePublished":"2024-02-26T05:50:02+00:00","dateModified":"2025-09-03T14:51:30+00:00","description":"\u00bfLe interesa colaborar con Feed the Children? Aqu\u00ed puede empezar.","breadcrumb":{"@id":"https:\/\/www.feedthechildren.org\/get-involved\/corporate-partners\/partnership-inquiry\/#breadcrumb"},"inLanguage":"es","potentialAction":[{"@type":"ReadAction","target":["https:\/\/www.feedthechildren.org\/get-involved\/corporate-partners\/partnership-inquiry\/"]}]},{"@type":"BreadcrumbList","@id":"https:\/\/www.feedthechildren.org\/get-involved\/corporate-partners\/partnership-inquiry\/#breadcrumb","itemListElement":[{"@type":"ListItem","position":1,"name":"Home","item":"https:\/\/www.feedthechildren.org\/"},{"@type":"ListItem","position":2,"name":"Get Involved","item":"https:\/\/www.feedthechildren.org\/get-involved\/"},{"@type":"ListItem","position":3,"name":"Corporate Partnership","item":"https:\/\/www.feedthechildren.org\/get-involved\/corporate-partners\/"},{"@type":"ListItem","position":4,"name":"Partnership Inquiry"}]},{"@type":"WebSite","@id":"https:\/\/www.feedthechildren.org\/#website","url":"https:\/\/www.feedthechildren.org\/","name":"Sitio oficial: Alimentar a los ni\u00f1os","description":"Ayude a combatir el hambre infantil","publisher":{"@id":"https:\/\/www.feedthechildren.org\/#organization"},"potentialAction":[{"@type":"SearchAction","target":{"@type":"EntryPoint","urlTemplate":"https:\/\/www.feedthechildren.org\/?s={search_term_string}"},"query-input":{"@type":"PropertyValueSpecification","valueRequired":true,"valueName":"search_term_string"}}],"inLanguage":"es"},{"@type":"Organization","@id":"https:\/\/www.feedthechildren.org\/#organization","name":"Alimentar a los ni\u00f1os","url":"https:\/\/www.feedthechildren.org\/","logo":{"@type":"ImageObject","inLanguage":"es","@id":"https:\/\/www.feedthechildren.org\/#\/schema\/logo\/image\/","url":"https:\/\/www.feedthechildren.org\/wp-content\/uploads\/2024\/03\/feed-the-children-logo-square-padding.png","contentUrl":"https:\/\/www.feedthechildren.org\/wp-content\/uploads\/2024\/03\/feed-the-children-logo-square-padding.png","width":1240,"height":1240,"caption":"Feed the Children"},"image":{"@id":"https:\/\/www.feedthechildren.org\/#\/schema\/logo\/image\/"},"sameAs":["https:\/\/www.facebook.com\/feedthechildren","https:\/\/x.com\/feedthechildren","https:\/\/youtube.com\/FeedTheChildrenOrg","https:\/\/www.linkedin.com\/company\/feed-the-children"],"description":"Fundada en 1979, Feed the Children lucha contra el hambre infantil. Somos una de las mayores organizaciones ben\u00e9ficas de EE.UU., y atendemos a los necesitados en EE.UU. e internacionalmente proporcion\u00e1ndoles alimentos, art\u00edculos de primera necesidad, iniciativas educativas y respuesta a cat\u00e1strofes.","email":"info@feedthechildren.org","telephone":"1-800-627-4556","legalName":"Feed the Children","foundingDate":"1979-01-01","taxID":"73-6108657"}]}},"taxonomy_info":{"category":[{"value":101,"label":"Form"}]},"featured_image_src_large":false,"author_info":{"display_name":"Michael McDaniel","author_link":"https:\/\/www.feedthechildren.org\/es\/author\/feedthechild\/"},"comment_info":0,"publishpress_future_action":{"enabled":false,"date":"2026-04-30 06:22:13","action":"change-status","newStatus":"draft","terms":[],"taxonomy":"category","extraData":[]},"publishpress_future_workflow_manual_trigger":{"enabledWorkflows":[]},"_links":{"self":[{"href":"https:\/\/www.feedthechildren.org\/es\/wp-json\/wp\/v2\/pages\/1468","targetHints":{"allow":["GET"]}}],"collection":[{"href":"https:\/\/www.feedthechildren.org\/es\/wp-json\/wp\/v2\/pages"}],"about":[{"href":"https:\/\/www.feedthechildren.org\/es\/wp-json\/wp\/v2\/types\/page"}],"author":[{"embeddable":true,"href":"https:\/\/www.feedthechildren.org\/es\/wp-json\/wp\/v2\/users\/1"}],"replies":[{"embeddable":true,"href":"https:\/\/www.feedthechildren.org\/es\/wp-json\/wp\/v2\/comments?post=1468"}],"version-history":[{"count":0,"href":"https:\/\/www.feedthechildren.org\/es\/wp-json\/wp\/v2\/pages\/1468\/revisions"}],"up":[{"embeddable":true,"href":"https:\/\/www.feedthechildren.org\/es\/wp-json\/wp\/v2\/pages\/270"}],"wp:attachment":[{"href":"https:\/\/www.feedthechildren.org\/es\/wp-json\/wp\/v2\/media?parent=1468"}],"wp:term":[{"taxonomy":"category","embeddable":true,"href":"https:\/\/www.feedthechildren.org\/es\/wp-json\/wp\/v2\/categories?post=1468"},{"taxonomy":"post_tag","embeddable":true,"href":"https:\/\/www.feedthechildren.org\/es\/wp-json\/wp\/v2\/tags?post=1468"},{"taxonomy":"folder","embeddable":true,"href":"https:\/\/www.feedthechildren.org\/es\/wp-json\/wp\/v2\/folder?post=1468"}],"curies":[{"name":"wp","href":"https:\/\/api.w.org\/{rel}","templated":true}]}}